{"id":720,"date":"2026-03-18T17:18:51","date_gmt":"2026-03-18T17:18:51","guid":{"rendered":"https:\/\/sabraf.com\/?page_id=720"},"modified":"2026-04-13T11:27:10","modified_gmt":"2026-04-13T11:27:10","slug":"nos-activites-services","status":"publish","type":"page","link":"https:\/\/sabraf.com\/en\/nos-activites-services\/","title":{"rendered":"Nos activit\u00e9s &#038; Services"},"content":{"rendered":"<div data-elementor-type=\"wp-page\" data-elementor-id=\"720\" class=\"elementor elementor-720\" data-elementor-post-type=\"page\">\n\t\t\t\t<div class=\"elementor-element elementor-element-46eef13 e-flex e-con-boxed e-con e-parent\" data-id=\"46eef13\" data-element_type=\"container\" data-e-type=\"container\" data-settings=\"{&quot;background_background&quot;:&quot;classic&quot;}\">\n\t\t\t\t\t<div class=\"e-con-inner\">\n\t\t\t\t\t<\/div>\n\t\t\t\t<\/div>\n\t\t<div class=\"elementor-element elementor-element-abdbe71 e-con-full e-flex e-con e-parent\" data-id=\"abdbe71\" data-element_type=\"container\" data-e-type=\"container\" data-settings=\"{&quot;background_background&quot;:&quot;classic&quot;}\">\n\t\t<div class=\"elementor-element elementor-element-4efce78 e-con-full e-flex e-con e-child\" data-id=\"4efce78\" data-element_type=\"container\" data-e-type=\"container\">\n\t\t\t\t<div class=\"elementor-element elementor-element-f95524d elementor-widget elementor-widget-heading\" data-id=\"f95524d\" data-element_type=\"widget\" data-e-type=\"widget\" data-widget_type=\"heading.default\">\n\t\t\t\t\t<h2 class=\"elementor-heading-title elementor-size-default\">Our activities and services<\/h2>\t\t\t\t<\/div>\n\t\t\t\t<\/div>\n\t\t<div class=\"elementor-element elementor-element-30cb0d0 e-con-full e-flex e-con e-child\" data-id=\"30cb0d0\" data-element_type=\"container\" data-e-type=\"container\">\n\t\t\t\t<div class=\"elementor-element elementor-element-423a924 elementor-widget elementor-widget-text-editor\" data-id=\"423a924\" data-element_type=\"widget\" data-e-type=\"widget\" data-widget_type=\"text-editor.default\">\n\t\t\t\t\t\t\t\t\t<p>SabrAf offers solutions designed to develop, structure, finance, build and operate sustainable, high-impact infrastructure across Africa.<br \/>Our three integrated service lines combine financial rigour, Shariah compliance and a long-term vision.<\/p>\t\t\t\t\t\t\t\t<\/div>\n\t\t\t\t<\/div>\n\t\t\t\t<\/div>\n\t\t<div class=\"elementor-element elementor-element-962b908 e-flex e-con-boxed e-con e-parent\" data-id=\"962b908\" data-element_type=\"container\" data-e-type=\"container\">\n\t\t\t\t\t<div class=\"e-con-inner\">\n\t\t\t\t<div class=\"elementor-element elementor-element-34866a5 elementor-widget elementor-widget-spacer\" data-id=\"34866a5\" data-element_type=\"widget\" data-e-type=\"widget\" data-widget_type=\"spacer.default\">\n\t\t\t\t\t\t\t<div class=\"elementor-spacer\">\n\t\t\t<div class=\"elementor-spacer-inner\"><\/div>\n\t\t<\/div>\n\t\t\t\t\t\t<\/div>\n\t\t\t\t\t<\/div>\n\t\t\t\t<\/div>\n\t\t<div class=\"elementor-element elementor-element-e43a8b3 e-flex e-con-boxed e-con e-parent\" data-id=\"e43a8b3\" data-element_type=\"container\" data-e-type=\"container\">\n\t\t\t\t\t<div class=\"e-con-inner\">\n\t\t<div class=\"elementor-element elementor-element-f37db92 e-con-full e-flex e-con e-child\" data-id=\"f37db92\" data-element_type=\"container\" data-e-type=\"container\" data-settings=\"{&quot;background_background&quot;:&quot;classic&quot;}\">\n\t\t\t\t<div class=\"elementor-element elementor-element-a811a17 elementor-widget elementor-widget-heading\" data-id=\"a811a17\" data-element_type=\"widget\" data-e-type=\"widget\" data-widget_type=\"heading.default\">\n\t\t\t\t\t<h2 class=\"elementor-heading-title elementor-size-default\">1. SabrAf Hinfra Fund Management<\/h2>\t\t\t\t<\/div>\n\t\t\t\t<\/div>\n\t\t<div class=\"elementor-element elementor-element-2f264c5 e-con-full e-flex e-con e-child\" data-id=\"2f264c5\" data-element_type=\"container\" data-e-type=\"container\" data-settings=\"{&quot;background_background&quot;:&quot;classic&quot;}\">\n\t\t<div class=\"elementor-element elementor-element-0228df9 e-con-full e-flex e-con e-child\" data-id=\"0228df9\" data-element_type=\"container\" data-e-type=\"container\">\n\t\t<div class=\"elementor-element elementor-element-6fd8a49 e-con-full e-flex e-con e-child\" data-id=\"6fd8a49\" data-element_type=\"container\" data-e-type=\"container\">\n\t\t\t\t<div class=\"elementor-element elementor-element-82a5400 elementor-widget elementor-widget-heading\" data-id=\"82a5400\" data-element_type=\"widget\" data-e-type=\"widget\" data-widget_type=\"heading.default\">\n\t\t\t\t\t<h2 class=\"elementor-heading-title elementor-size-default\">1.1. Infrastructure Investment<\/h2>\t\t\t\t<\/div>\n\t\t\t\t<div class=\"elementor-element elementor-element-7668989 elementor-widget elementor-widget-text-editor\" data-id=\"7668989\" data-element_type=\"widget\" data-e-type=\"widget\" data-widget_type=\"text-editor.default\">\n\t\t\t\t\t\t\t\t\t<p><strong>Flagship Shariah-compliant infrastructure fund investing in priority sectors across Africa.<\/strong><\/p><ul><li><span style=\"font-family: -apple-system, BlinkMacSystemFont, 'Segoe UI', Roboto, 'Helvetica Neue', Arial, 'Noto Sans', sans-serif, 'Apple Color Emoji', 'Segoe UI Emoji', 'Segoe UI Symbol', 'Noto Color Emoji';\">Equity and quasi-equity investments in infrastructure assets<\/span><\/li><li>Use of Islamic finance instruments<\/li><li>Promotion of inclusive, risk-shared and asset-backed growth<\/li><\/ul>\t\t\t\t\t\t\t\t<\/div>\n\t\t\t\t<\/div>\n\t\t<div class=\"elementor-element elementor-element-18b1bc3 e-con-full e-flex e-con e-child\" data-id=\"18b1bc3\" data-element_type=\"container\" data-e-type=\"container\">\n\t\t\t\t<div class=\"elementor-element elementor-element-3566d0b elementor-widget elementor-widget-heading\" data-id=\"3566d0b\" data-element_type=\"widget\" data-e-type=\"widget\" data-widget_type=\"heading.default\">\n\t\t\t\t\t<h2 class=\"elementor-heading-title elementor-size-default\">1.2. Fund Management<\/h2>\t\t\t\t<\/div>\n\t\t\t\t<div class=\"elementor-element elementor-element-77901c9 elementor-widget elementor-widget-text-editor\" data-id=\"77901c9\" data-element_type=\"widget\" data-e-type=\"widget\" data-widget_type=\"text-editor.default\">\n\t\t\t\t\t\t\t\t\t<p><strong>Management of Shariah-compliant infrastructure investment vehicles dedicated to Africa.<\/strong><\/p><ul><li>Shariah-compliant investment strategy design and oversight<\/li><li>Fundraising and investor\/LP relationship management<\/li><li>Portfolio management and Shariah compliance monitoring<\/li><\/ul>\t\t\t\t\t\t\t\t<\/div>\n\t\t\t\t<\/div>\n\t\t\t\t<\/div>\n\t\t\t\t<\/div>\n\t\t\t\t\t<\/div>\n\t\t\t\t<\/div>\n\t\t<div class=\"elementor-element elementor-element-ab1aadf e-flex e-con-boxed e-con e-parent\" data-id=\"ab1aadf\" data-element_type=\"container\" data-e-type=\"container\">\n\t\t\t\t\t<div class=\"e-con-inner\">\n\t\t\t\t<div class=\"elementor-element elementor-element-14de51e elementor-widget elementor-widget-spacer\" data-id=\"14de51e\" data-element_type=\"widget\" data-e-type=\"widget\" data-widget_type=\"spacer.default\">\n\t\t\t\t\t\t\t<div class=\"elementor-spacer\">\n\t\t\t<div class=\"elementor-spacer-inner\"><\/div>\n\t\t<\/div>\n\t\t\t\t\t\t<\/div>\n\t\t\t\t\t<\/div>\n\t\t\t\t<\/div>\n\t\t<div class=\"elementor-element elementor-element-82c63eb e-flex e-con-boxed e-con e-parent\" data-id=\"82c63eb\" data-element_type=\"container\" data-e-type=\"container\">\n\t\t\t\t\t<div class=\"e-con-inner\">\n\t\t<div class=\"elementor-element elementor-element-ab5ab2f e-con-full e-flex e-con e-child\" data-id=\"ab5ab2f\" data-element_type=\"container\" data-e-type=\"container\" data-settings=\"{&quot;background_background&quot;:&quot;classic&quot;}\">\n\t\t\t\t<div class=\"elementor-element elementor-element-07d751b elementor-widget elementor-widget-heading\" data-id=\"07d751b\" data-element_type=\"widget\" data-e-type=\"widget\" data-widget_type=\"heading.default\">\n\t\t\t\t\t<h2 class=\"elementor-heading-title elementor-size-default\">2. SabrAf Hinfra Development &amp; Asset Management<\/h2>\t\t\t\t<\/div>\n\t\t\t\t<\/div>\n\t\t<div class=\"elementor-element elementor-element-d886fd2 e-con-full e-flex e-con e-child\" data-id=\"d886fd2\" data-element_type=\"container\" data-e-type=\"container\" data-settings=\"{&quot;background_background&quot;:&quot;classic&quot;}\">\n\t\t<div class=\"elementor-element elementor-element-31b879c e-con-full e-flex e-con e-child\" data-id=\"31b879c\" data-element_type=\"container\" data-e-type=\"container\">\n\t\t<div class=\"elementor-element elementor-element-317f3c1 e-con-full e-flex e-con e-child\" data-id=\"317f3c1\" data-element_type=\"container\" data-e-type=\"container\">\n\t\t\t\t<div class=\"elementor-element elementor-element-de1dda4 elementor-widget elementor-widget-heading\" data-id=\"de1dda4\" data-element_type=\"widget\" data-e-type=\"widget\" data-widget_type=\"heading.default\">\n\t\t\t\t\t<h2 class=\"elementor-heading-title elementor-size-default\">2.1. Project Development<\/h2>\t\t\t\t<\/div>\n\t\t\t\t<div class=\"elementor-element elementor-element-7d7b22e elementor-widget elementor-widget-text-editor\" data-id=\"7d7b22e\" data-element_type=\"widget\" data-e-type=\"widget\" data-widget_type=\"text-editor.default\">\n\t\t\t\t\t\t\t\t\t<p><strong>Development of bankable, Shariah-compliant infrastructure and PPP projects.<\/strong><\/p><ul><li>Identification and screening of viable infrastructure opportunities<\/li><li>Oversight of bankable feasibility studies<\/li><li>Structuring of Shariah-compliant project and contractual frameworks<\/li><li>Stakeholder engagement and monitoring of project completion<\/li><\/ul>\t\t\t\t\t\t\t\t<\/div>\n\t\t\t\t<\/div>\n\t\t<div class=\"elementor-element elementor-element-221beb0 e-con-full e-flex e-con e-child\" data-id=\"221beb0\" data-element_type=\"container\" data-e-type=\"container\">\n\t\t\t\t<div class=\"elementor-element elementor-element-19bd3b1 elementor-widget elementor-widget-heading\" data-id=\"19bd3b1\" data-element_type=\"widget\" data-e-type=\"widget\" data-widget_type=\"heading.default\">\n\t\t\t\t\t<h2 class=\"elementor-heading-title elementor-size-default\">2.2. Real Asset Management<\/h2>\t\t\t\t<\/div>\n\t\t\t\t<div class=\"elementor-element elementor-element-7270d73 elementor-widget elementor-widget-text-editor\" data-id=\"7270d73\" data-element_type=\"widget\" data-e-type=\"widget\" data-widget_type=\"text-editor.default\">\n\t\t\t\t\t\t\t\t\t<p><strong>Optimization, Shariah alignment and long-term management of infrastructure assets to enhance performance, impact, and value.<\/strong><\/p><ul><li>Refinement and Shariah alignment of business models<\/li><li>Oversight of additional feasibility and optimization studies<\/li><li>Monitoring of asset performance and Shariah compliance<\/li><li>Tracking of long-term economic, environmental &amp; social value creation<\/li><\/ul>\t\t\t\t\t\t\t\t<\/div>\n\t\t\t\t<\/div>\n\t\t\t\t<\/div>\n\t\t\t\t<\/div>\n\t\t\t\t\t<\/div>\n\t\t\t\t<\/div>\n\t\t<div class=\"elementor-element elementor-element-994f679 e-flex e-con-boxed e-con e-parent\" data-id=\"994f679\" data-element_type=\"container\" data-e-type=\"container\">\n\t\t\t\t\t<div class=\"e-con-inner\">\n\t\t\t\t<div class=\"elementor-element elementor-element-3e1a3ad elementor-widget elementor-widget-spacer\" data-id=\"3e1a3ad\" data-element_type=\"widget\" data-e-type=\"widget\" data-widget_type=\"spacer.default\">\n\t\t\t\t\t\t\t<div class=\"elementor-spacer\">\n\t\t\t<div class=\"elementor-spacer-inner\"><\/div>\n\t\t<\/div>\n\t\t\t\t\t\t<\/div>\n\t\t\t\t\t<\/div>\n\t\t\t\t<\/div>\n\t\t<div class=\"elementor-element elementor-element-0536faf e-flex e-con-boxed e-con e-parent\" data-id=\"0536faf\" data-element_type=\"container\" data-e-type=\"container\">\n\t\t\t\t\t<div class=\"e-con-inner\">\n\t\t<div class=\"elementor-element elementor-element-dd59d50 e-con-full e-flex e-con e-child\" data-id=\"dd59d50\" data-element_type=\"container\" data-e-type=\"container\" data-settings=\"{&quot;background_background&quot;:&quot;classic&quot;}\">\n\t\t\t\t<div class=\"elementor-element elementor-element-9ae6dff elementor-widget elementor-widget-heading\" data-id=\"9ae6dff\" data-element_type=\"widget\" data-e-type=\"widget\" data-widget_type=\"heading.default\">\n\t\t\t\t\t<h2 class=\"elementor-heading-title elementor-size-default\">3. SabrAf Islamic Investment Banking<\/h2>\t\t\t\t<\/div>\n\t\t\t\t<\/div>\n\t\t<div class=\"elementor-element elementor-element-60dc154 e-con-full e-flex e-con e-child\" data-id=\"60dc154\" data-element_type=\"container\" data-e-type=\"container\" data-settings=\"{&quot;background_background&quot;:&quot;classic&quot;}\">\n\t\t<div class=\"elementor-element elementor-element-e2301b4 e-con-full e-flex e-con e-child\" data-id=\"e2301b4\" data-element_type=\"container\" data-e-type=\"container\">\n\t\t<div class=\"elementor-element elementor-element-64b1203 e-con-full e-flex e-con e-child\" data-id=\"64b1203\" data-element_type=\"container\" data-e-type=\"container\">\n\t\t\t\t<div class=\"elementor-element elementor-element-27642ec elementor-widget elementor-widget-heading\" data-id=\"27642ec\" data-element_type=\"widget\" data-e-type=\"widget\" data-widget_type=\"heading.default\">\n\t\t\t\t\t<h2 class=\"elementor-heading-title elementor-size-default\">3.1. Structuring and Capital Raising<\/h2>\t\t\t\t<\/div>\n\t\t\t\t<div class=\"elementor-element elementor-element-73370f6 elementor-widget elementor-widget-text-editor\" data-id=\"73370f6\" data-element_type=\"widget\" data-e-type=\"widget\" data-widget_type=\"text-editor.default\">\n\t\t\t\t\t\t\t\t\t<p><strong>Design and execution of Shariah-compliant financing solutions for African infrastructure and PPP.<\/strong><\/p>\n<ul>\n<li>Islamic finance structuring and financial modeling<\/li>\n<li>Capital raising from investors and Islamic financiers<\/li>\n<li>Financial negotiations through closing<\/li>\n<\/ul>\t\t\t\t\t\t\t\t<\/div>\n\t\t\t\t<\/div>\n\t\t<div class=\"elementor-element elementor-element-e2439ec e-con-full e-flex e-con e-child\" data-id=\"e2439ec\" data-element_type=\"container\" data-e-type=\"container\">\n\t\t\t\t<div class=\"elementor-element elementor-element-0fd9fd3 elementor-widget elementor-widget-heading\" data-id=\"0fd9fd3\" data-element_type=\"widget\" data-e-type=\"widget\" data-widget_type=\"heading.default\">\n\t\t\t\t\t<h2 class=\"elementor-heading-title elementor-size-default\">3.2. Capital Markets &amp; Economic Intelligence<\/h2>\t\t\t\t<\/div>\n\t\t\t\t<div class=\"elementor-element elementor-element-d58a20a elementor-widget elementor-widget-text-editor\" data-id=\"d58a20a\" data-element_type=\"widget\" data-e-type=\"widget\" data-widget_type=\"text-editor.default\">\n\t\t\t\t\t\t\t\t\t<p><strong>Market development and knowledge creation to strengthen Shariah-compliant ecosystems in Africa.<\/strong><\/p><ul><li>Creation and monitoring of Shariah-compliant indices with African exchanges<\/li><li>Research and regulatory engagement on Islamic finance<\/li><li>Knowledge sharing for regulatory reforms and enabling frameworks<\/li><\/ul>\t\t\t\t\t\t\t\t<\/div>\n\t\t\t\t<\/div>\n\t\t\t\t<\/div>\n\t\t\t\t<\/div>\n\t\t\t\t\t<\/div>\n\t\t\t\t<\/div>\n\t\t<div class=\"elementor-element elementor-element-e744b72 e-flex e-con-boxed e-con e-parent\" data-id=\"e744b72\" data-element_type=\"container\" data-e-type=\"container\">\n\t\t\t\t\t<div class=\"e-con-inner\">\n\t\t\t\t<div class=\"elementor-element elementor-element-4cade85 elementor-widget elementor-widget-spacer\" data-id=\"4cade85\" data-element_type=\"widget\" data-e-type=\"widget\" data-widget_type=\"spacer.default\">\n\t\t\t\t\t\t\t<div class=\"elementor-spacer\">\n\t\t\t<div class=\"elementor-spacer-inner\"><\/div>\n\t\t<\/div>\n\t\t\t\t\t\t<\/div>\n\t\t\t\t\t<\/div>\n\t\t\t\t<\/div>\n\t\t\t\t<\/div>","protected":false},"excerpt":{"rendered":"<p>Activit\u00e9s et services SabrAf propose des solutions con\u00e7ues pour d\u00e9velopper, structurer, financer, construire et exploiter des infrastructures durables et \u00e0 fort impact \u00e0 travers l\u2019Afrique.Nos trois axes de services compl\u00e9mentaires allient rigueur financi\u00e8re, conformit\u00e9 \u00e0 la charia et vision de long terme. 1. SabrAf Hinfra Fund Management 1.1. Investissement dans les Infrastructures Fonds pionnier d\u2019infrastructures [&hellip;]<\/p>\n","protected":false},"author":1,"featured_media":0,"parent":0,"menu_order":0,"comment_status":"closed","ping_status":"closed","template":"elementor_header_footer","meta":{"footnotes":""},"class_list":["post-720","page","type-page","status-publish","hentry"],"_hostinger_reach_plugin_has_subscription_block":false,"_hostinger_reach_plugin_is_elementor":false,"_links":{"self":[{"href":"https:\/\/sabraf.com\/en\/wp-json\/wp\/v2\/pages\/720","targetHints":{"allow":["GET"]}}],"collection":[{"href":"https:\/\/sabraf.com\/en\/wp-json\/wp\/v2\/pages"}],"about":[{"href":"https:\/\/sabraf.com\/en\/wp-json\/wp\/v2\/types\/page"}],"author":[{"embeddable":true,"href":"https:\/\/sabraf.com\/en\/wp-json\/wp\/v2\/users\/1"}],"replies":[{"embeddable":true,"href":"https:\/\/sabraf.com\/en\/wp-json\/wp\/v2\/comments?post=720"}],"version-history":[{"count":85,"href":"https:\/\/sabraf.com\/en\/wp-json\/wp\/v2\/pages\/720\/revisions"}],"predecessor-version":[{"id":2077,"href":"https:\/\/sabraf.com\/en\/wp-json\/wp\/v2\/pages\/720\/revisions\/2077"}],"wp:attachment":[{"href":"https:\/\/sabraf.com\/en\/wp-json\/wp\/v2\/media?parent=720"}],"curies":[{"name":"wp","href":"https:\/\/api.w.org\/{rel}","templated":true}]}}